{"id":70,"date":"2026-02-25T09:55:52","date_gmt":"2026-02-25T08:55:52","guid":{"rendered":"https:\/\/forjasareitio.com\/?page_id=70"},"modified":"2026-03-06T15:10:05","modified_gmt":"2026-03-06T14:10:05","slug":"inicio","status":"publish","type":"page","link":"https:\/\/forjasareitio.com\/es\/","title":{"rendered":"Inicio"},"content":{"rendered":"<div class=\"wpb-content-wrapper\"><p>[vc_row unlock_row=\u00bb\u00bb row_height_percent=\u00bb41&#8243; override_padding=\u00bbyes\u00bb h_padding=\u00bb2&#8243; top_padding=\u00bb2&#8243; bottom_padding=\u00bb2&#8243; back_color=\u00bbcolor-xsdn\u00bb overlay_alpha=\u00bb50&#8243; gutter_size=\u00bb3&#8243; column_width_percent=\u00bb100&#8243; shift_y=\u00bb0&#8243; z_index=\u00bb0&#8243; content_parallax=\u00bb0&#8243; uncode_shortcode_id=\u00bb178597&#8243; back_color_type=\u00bbuncode-palette\u00bb][vc_column column_width_percent=\u00bb100&#8243; gutter_size=\u00bb3&#8243; overlay_alpha=\u00bb50&#8243; shift_x=\u00bb0&#8243; shift_y=\u00bb0&#8243; shift_y_down=\u00bb0&#8243; z_index=\u00bb0&#8243; medium_width=\u00bb0&#8243; mobile_width=\u00bb0&#8243; width=\u00bb1\/1&#8243; uncode_shortcode_id=\u00bb508822&#8243;][uncode_slider slider_interval=\u00bb0&#8243; slider_navspeed=\u00bb400&#8243; slider_loop=\u00bbyes\u00bb slider_hide_arrows=\u00bbyes\u00bb slider_hide_dots=\u00bbyes\u00bb][vc_row_inner row_inner_height_percent=\u00bb0&#8243; back_image=\u00bb92&#8243; overlay_alpha=\u00bb50&#8243; gutter_size=\u00bb3&#8243; shift_y=\u00bb0&#8243; z_index=\u00bb0&#8243; uncode_shortcode_id=\u00bb161212&#8243;][vc_column_inner column_width_percent=\u00bb100&#8243; position_vertical=\u00bbmiddle\u00bb gutter_size=\u00bb3&#8243; override_padding=\u00bbyes\u00bb column_padding=\u00bb3&#8243; style=\u00bbdark\u00bb overlay_alpha=\u00bb50&#8243; shift_x=\u00bb0&#8243; shift_y=\u00bb0&#8243; shift_y_down=\u00bb0&#8243; z_index=\u00bb0&#8243; medium_width=\u00bb0&#8243; mobile_width=\u00bb0&#8243; width=\u00bb2\/3&#8243; uncode_shortcode_id=\u00bb941029&#8243; link_to=\u00bburl:https%3A%2F%2Fforjasareitio.com%2Fes%2Fla-empresa%2F|title:La%20empresa\u00bb][vc_custom_heading text_color=\u00bbcolor-520588&#8243; text_font=\u00bbfont-668602&#8243; text_weight=\u00bb600&#8243; uncode_shortcode_id=\u00bb777960&#8243; text_color_type=\u00bbuncode-palette\u00bb]Bienvenidos[\/vc_custom_heading][vc_column_text uncode_shortcode_id=\u00bb131916&#8243;]Bienvenidos a Forjas Areitio, S.A.U. Somos una empresa de Ermua (Pais Vasco) dedicada a la forja industrial con m\u00e1s de 50 a\u00f1os de experiencia en el sector.[\/vc_column_text][\/vc_column_inner][vc_column_inner width=\u00bb1\/3&#8243;][\/vc_column_inner][\/vc_row_inner][vc_row_inner row_inner_height_percent=\u00bb0&#8243; back_image=\u00bb95&#8243; overlay_alpha=\u00bb50&#8243; gutter_size=\u00bb3&#8243; shift_y=\u00bb0&#8243; z_index=\u00bb0&#8243; uncode_shortcode_id=\u00bb617622&#8243;][vc_column_inner column_width_percent=\u00bb100&#8243; position_vertical=\u00bbmiddle\u00bb gutter_size=\u00bb3&#8243; override_padding=\u00bbyes\u00bb column_padding=\u00bb3&#8243; style=\u00bbdark\u00bb overlay_alpha=\u00bb50&#8243; shift_x=\u00bb0&#8243; shift_y=\u00bb0&#8243; shift_y_down=\u00bb0&#8243; z_index=\u00bb0&#8243; medium_width=\u00bb0&#8243; mobile_width=\u00bb0&#8243; width=\u00bb2\/3&#8243; uncode_shortcode_id=\u00bb176579&#8243; link_to=\u00bburl:https%3A%2F%2Fforjasareitio.com%2Fes%2Fproductos%2F|title:Productos\u00bb][vc_custom_heading text_color=\u00bbcolor-520588&#8243; text_font=\u00bbfont-668602&#8243; text_weight=\u00bb600&#8243; uncode_shortcode_id=\u00bb146681&#8243; text_color_type=\u00bbuncode-palette\u00bb]Nuestros productos[\/vc_custom_heading][vc_column_text uncode_shortcode_id=\u00bb864576&#8243;]Fabricamos una amplia gama de piezas en caliente a partir de aceros al carbono y aleados, destinados a satisfacer las necesidades de diferentes sectores y mercados.[\/vc_column_text][\/vc_column_inner][vc_column_inner width=\u00bb1\/3&#8243;][\/vc_column_inner][\/vc_row_inner][vc_row_inner row_inner_height_percent=\u00bb0&#8243; back_image=\u00bb93&#8243; overlay_alpha=\u00bb50&#8243; gutter_size=\u00bb3&#8243; shift_y=\u00bb0&#8243; z_index=\u00bb0&#8243; uncode_shortcode_id=\u00bb490023&#8243; row_height_pixel=\u00bb500&#8243;][vc_column_inner column_width_percent=\u00bb100&#8243; position_vertical=\u00bbmiddle\u00bb gutter_size=\u00bb3&#8243; override_padding=\u00bbyes\u00bb column_padding=\u00bb3&#8243; style=\u00bbdark\u00bb overlay_alpha=\u00bb50&#8243; shift_x=\u00bb0&#8243; shift_y=\u00bb0&#8243; shift_y_down=\u00bb0&#8243; z_index=\u00bb0&#8243; medium_width=\u00bb0&#8243; mobile_width=\u00bb0&#8243; width=\u00bb2\/3&#8243; uncode_shortcode_id=\u00bb167585&#8243; link_to=\u00bburl:https%3A%2F%2Fforjasareitio.com%2Fes%2Fprocesos%2F|title:Procesos\u00bb][vc_custom_heading text_color=\u00bbcolor-520588&#8243; text_font=\u00bbfont-668602&#8243; text_weight=\u00bb600&#8243; uncode_shortcode_id=\u00bb115951&#8243; text_color_type=\u00bbuncode-palette\u00bb]Dise\u00f1o y Construcci\u00f3n[\/vc_custom_heading][vc_column_text uncode_shortcode_id=\u00bb153153&#8243;]En Forjas Areitio, S.A.U. empleamos modernas herramientas de c\u00e1lculo para el dise\u00f1o de nuestros utillajes de forja y mecanizados.[\/vc_column_text][\/vc_column_inner][vc_column_inner width=\u00bb1\/3&#8243;][\/vc_column_inner][\/vc_row_inner][vc_row_inner row_inner_height_percent=\u00bb0&#8243; back_image=\u00bb94&#8243; overlay_alpha=\u00bb50&#8243; gutter_size=\u00bb3&#8243; shift_y=\u00bb0&#8243; z_index=\u00bb0&#8243; uncode_shortcode_id=\u00bb163250&#8243; row_height_pixel=\u00bb500&#8243;][vc_column_inner column_width_percent=\u00bb100&#8243; position_vertical=\u00bbmiddle\u00bb gutter_size=\u00bb3&#8243; override_padding=\u00bbyes\u00bb column_padding=\u00bb3&#8243; style=\u00bbdark\u00bb overlay_alpha=\u00bb50&#8243; shift_x=\u00bb0&#8243; shift_y=\u00bb0&#8243; shift_y_down=\u00bb0&#8243; z_index=\u00bb0&#8243; medium_width=\u00bb0&#8243; mobile_width=\u00bb0&#8243; width=\u00bb2\/3&#8243; uncode_shortcode_id=\u00bb125622&#8243; link_to=\u00bburl:https%3A%2F%2Fforjasareitio.com%2Fes%2Fcalidad%2F|title:Calidad\u00bb][vc_custom_heading text_color=\u00bbcolor-520588&#8243; text_font=\u00bbfont-668602&#8243; text_weight=\u00bb600&#8243; uncode_shortcode_id=\u00bb217075&#8243; text_color_type=\u00bbuncode-palette\u00bb]<a href=\"https:\/\/forjasareitio.com\/calidad\/\">Un Equipo profesional<\/a>[\/vc_custom_heading][vc_column_text uncode_shortcode_id=\u00bb167607&#8243;]En nuestra plantilla contamos con diferentes perfiles de profesionales capaces de ofrecer soluciones a nuestros departamentos de dise\u00f1o, construcci\u00f3n de utillajes y mecanizados, as\u00ed como de cubrir las 4 l\u00edneas de producci\u00f3n.[\/vc_column_text][\/vc_column_inner][vc_column_inner width=\u00bb1\/3&#8243;][\/vc_column_inner][\/vc_row_inner][\/uncode_slider][uncode_carousel_nav padding=\u00bb0&#8243; arrows_position=\u00bbel_absolute\u00bb arrows_v_align=\u00bbmiddle\u00bb arrows_padding=\u00bb0&#8243; arrow_style=\u00bbtransparent\u00bb arrow_size=\u00bbfa-4x\u00bb hide_counter=\u00bbyes\u00bb uncode_shortcode_id=\u00bb737491&#8243;][\/vc_column][\/vc_row][vc_row][vc_column width=\u00bb1\/1&#8243;][uncode_index el_id=\u00bbindex-135262&#8243; index_type=\u00bbcss_grid\u00bb loop=\u00bbsize:10|order_by:date|post_type:page|by_id:66,64,60|taxonomy_count:10&#8243; grid_items=\u00bb3&#8243; screen_lg_items=\u00bb3&#8243; screen_lg_breakpoint=\u00bb1000&#8243; screen_md_items=\u00bb2&#8243; screen_md_breakpoint=\u00bb600&#8243; screen_sm_items=\u00bb1&#8243; screen_sm_breakpoint=\u00bb480&#8243; gutter_size=\u00bb2&#8243; post_items=\u00bbtitle|-,text|excerpt,media|featured|onpost|original\u00bb page_items=\u00bbmedia|featured|onpost|original,title|-,text|excerpt\u00bb css_grid_images_size=\u00bbsixteen-nine\u00bb single_back_color=\u00bbcolor-520588&#8243; single_overlay_opacity=\u00bb50&#8243; single_overlay_anim=\u00bbno\u00bb single_text_visible=\u00bbyes\u00bb single_text_anim=\u00bbno\u00bb single_image_anim=\u00bbno\u00bb single_padding=\u00bb2&#8243; single_title_semantic=\u00bbh2&#8243; single_title_dimension=\u00bbh3&#8243; single_title_weight=\u00bb600&#8243; single_border=\u00bbyes\u00bb no_double_tap=\u00bbyes\u00bb uncode_shortcode_id=\u00bb166030&#8243;][\/vc_column][\/vc_row]<\/p>\n<\/div>","protected":false},"excerpt":{"rendered":"<p>[vc_row unlock_row=\u00bb\u00bb row_height_percent=\u00bb41&#8243; override_padding=\u00bbyes\u00bb h_padding=\u00bb2&#8243; top_padding=\u00bb2&#8243; bottom_padding=\u00bb2&#8243; back_color=\u00bbcolor-xsdn\u00bb overlay_alpha=\u00bb50&#8243; gutter_size=\u00bb3&#8243; column_width_percent=\u00bb100&#8243; shift_y=\u00bb0&#8243; z_index=\u00bb0&#8243; content_parallax=\u00bb0&#8243; uncode_shortcode_id=\u00bb178597&#8243; back_color_type=\u00bbuncode-palette\u00bb][vc_column column_width_percent=\u00bb100&#8243; gutter_size=\u00bb3&#8243; overlay_alpha=\u00bb50&#8243; shift_x=\u00bb0&#8243; [&hellip;]<\/p>\n","protected":false},"author":1,"featured_media":0,"parent":0,"menu_order":0,"comment_status":"closed","ping_status":"closed","template":"","meta":{"footnotes":""},"class_list":["post-70","page","type-page","status-publish","hentry"],"_links":{"self":[{"href":"https:\/\/forjasareitio.com\/es\/wp-json\/wp\/v2\/pages\/70","targetHints":{"allow":["GET"]}}],"collection":[{"href":"https:\/\/forjasareitio.com\/es\/wp-json\/wp\/v2\/pages"}],"about":[{"href":"https:\/\/forjasareitio.com\/es\/wp-json\/wp\/v2\/types\/page"}],"author":[{"embeddable":true,"href":"https:\/\/forjasareitio.com\/es\/wp-json\/wp\/v2\/users\/1"}],"replies":[{"embeddable":true,"href":"https:\/\/forjasareitio.com\/es\/wp-json\/wp\/v2\/comments?post=70"}],"version-history":[{"count":62,"href":"https:\/\/forjasareitio.com\/es\/wp-json\/wp\/v2\/pages\/70\/revisions"}],"predecessor-version":[{"id":410,"href":"https:\/\/forjasareitio.com\/es\/wp-json\/wp\/v2\/pages\/70\/revisions\/410"}],"wp:attachment":[{"href":"https:\/\/forjasareitio.com\/es\/wp-json\/wp\/v2\/media?parent=70"}],"curies":[{"name":"wp","href":"https:\/\/api.w.org\/{rel}","templated":true}]}}