{"id":66,"date":"2026-02-25T09:55:34","date_gmt":"2026-02-25T08:55:34","guid":{"rendered":"https:\/\/forjasareitio.com\/?page_id=66"},"modified":"2026-02-27T15:50:41","modified_gmt":"2026-02-27T14:50:41","slug":"calidad","status":"publish","type":"page","link":"https:\/\/forjasareitio.com\/es\/calidad\/","title":{"rendered":"Calidad"},"content":{"rendered":"<div class=\"wpb-content-wrapper\"><p>[vc_row row_height_percent=\u00bb0&#8243; overlay_alpha=\u00bb50&#8243; gutter_size=\u00bb3&#8243; column_width_percent=\u00bb100&#8243; shift_y=\u00bb0&#8243; z_index=\u00bb0&#8243; content_parallax=\u00bb0&#8243; uncode_shortcode_id=\u00bb632024&#8243;][vc_column column_width_percent=\u00bb100&#8243; gutter_size=\u00bb2&#8243; overlay_alpha=\u00bb50&#8243; shift_x=\u00bb0&#8243; shift_y=\u00bb0&#8243; shift_y_down=\u00bb0&#8243; z_index=\u00bb0&#8243; medium_width=\u00bb0&#8243; mobile_width=\u00bb0&#8243; width=\u00bb1\/1&#8243; uncode_shortcode_id=\u00bb984707&#8243;][vc_custom_heading auto_text=\u00bbyes\u00bb text_color=\u00bbcolor-925239&#8243; text_font=\u00bbfont-668602&#8243; text_weight=\u00bb700&#8243; uncode_shortcode_id=\u00bb102453&#8243; text_color_type=\u00bbuncode-palette\u00bb]This is a custom heading element.[\/vc_custom_heading][vc_separator sep_color=\u00bbcolor-520588&#8243; uncode_shortcode_id=\u00bb417166&#8243; sep_color_type=\u00bbuncode-palette\u00bb el_height=\u00bb1.5px\u00bb][vc_empty_space empty_h=\u00bb1&#8243;][vc_tabs tab_no_fade=\u00bbyes\u00bb animation_active=\u00bbyes\u00bb typography=\u00bbadvanced\u00bb align=\u00bbleft\u00bb tab_no_border=\u00bbyes\u00bb titles_size=\u00bbh4&#8243; titles_weight=\u00bb700&#8243; uncode_shortcode_id=\u00bb545862&#8243;][vc_tab gutter_size=\u00bb2&#8243; column_padding=\u00bb0&#8243; title=\u00bbCertificados\u00bb tab_id=\u00bb1772013787-1-491772014667685&#8243;][vc_row_inner][vc_column_inner width=\u00bb1\/2&#8243;][vc_separator sep_color=\u00bbcolor-520588&#8243; uncode_shortcode_id=\u00bb203045&#8243; sep_color_type=\u00bbuncode-palette\u00bb el_height=\u00bb1.5px\u00bb][vc_column_text uncode_shortcode_id=\u00bb860164&#8243;]FORJAS AREITIO,S.A.U.\u00a0 dispone de un Sistema de Gesti\u00f3n de Calidad y Medioambiente certificado seg\u00fan las normas ISO 9001 e ISO 14001.<br \/>\nEstos\u00a0 certificados suponen\u00a0 la plasmaci\u00f3n de una forma de entender la gesti\u00f3n y el \u00e9xito basados en la excelente calidad de nuestros productos y servicios, as\u00ed como nuestro compromiso con nuestro entorno y el respeto por el medioambiente.[\/vc_column_text][\/vc_column_inner][vc_column_inner width=\u00bb1\/2&#8243;][vc_gallery el_id=\u00bbgallery-929994&#8243; type=\u00bbcss_grid\u00bb medias=\u00bb400,401&#8243; grid_items=\u00bb2&#8243; screen_lg_items=\u00bb2&#8243; screen_lg_breakpoint=\u00bb\u00bb screen_md_items=\u00bb2&#8243; screen_md_breakpoint=\u00bb\u00bb screen_sm_items=\u00bb1&#8243; screen_sm_breakpoint=\u00bb\u00bb gutter_size=\u00bb3&#8243; media_items=\u00bbmedia|lightbox|original,icon,caption\u00bb single_text=\u00bbunder\u00bb single_overlay_opacity=\u00bb50&#8243; single_padding=\u00bb2&#8243; lbox_caption=\u00bbyes\u00bb uncode_shortcode_id=\u00bb100529&#8243;][\/vc_column_inner][\/vc_row_inner][\/vc_tab][vc_tab gutter_size=\u00bb2&#8243; column_padding=\u00bb0&#8243; title=\u00bbPol\u00edtica de calidad y medio ambiente\u00bb tab_id=\u00bb1772013787-2-681772014667685&#8243;][vc_row_inner][vc_column_inner width=\u00bb1\/2&#8243;][vc_separator sep_color=\u00bbcolor-520588&#8243; uncode_shortcode_id=\u00bb203045&#8243; sep_color_type=\u00bbuncode-palette\u00bb el_height=\u00bb1.5px\u00bb][vc_column_text uncode_shortcode_id=\u00bb920073&#8243;]La direcci\u00f3n de<strong>\u00a0FORJAS AREITIO<\/strong>\u00a0ha establecido la siguiente pol\u00edtica de gesti\u00f3n de calidad y medioambiente que refleja nuestros compromisos y valores en nuestra actividad de Forjado por estampaci\u00f3n en caliente de piezas hasta 35 kilos:<\/p>\n<ul>\n<li>SATISFACER PERMANENTEMENTE LOS REQUISITOS DEL CLIENTE, Lo que significa que el material forjado que suministramos al mercado cumpla con los est\u00e1ndares m\u00e1s exigentes y con los requisitos de nuestros clientes.<\/li>\n<li>ALCANZAR UN DESARROLLO SOSTENIBLE, Que permita mantener nuestra actividad previniendo la contaminaci\u00f3n del entorno, y cumpliendo con la normativa ambiental existente.<\/li>\n<li>SER EFICIENTES en nuestros consumos de materia, agua y energ\u00eda.<\/li>\n<li>SER COMPETITIVOS EN EL MERCADO lo que significa que, mediante una correcta gesti\u00f3n de nuestros procesos, obtengamos un producto de calidad al menor coste.<\/li>\n<li>TRABAJAR con el compromiso de CERO DEFECTOS y BIEN A LA PRIMERA reduciendo al m\u00ednimo los riesgos potenciales para los empleados y medio ambiente.<\/li>\n<li>INVOLUCRAR A TODAS LAS PARTES, trabajadores, proveedores, subcontratas y administraci\u00f3n para alcanzar nuestros objetivos.<\/li>\n<li>ALCANZAR LA MEJORA CONTINUA EN NUESTRO PRODUCTO Y PROCESOS, mediante la detecci\u00f3n de oportunidades de mejora y la implantaci\u00f3n de acciones.<\/li>\n<li>PROTEGER AL MEDIOAMBIENTE Y MINIMIZAR NUESTRO IMPACTO AMBIENTAL, mediante una adecuada gesti\u00f3n de nuestros aspectos ambientales.<\/li>\n<\/ul>\n<p>Finalmente, es compromiso firme de<strong>\u00a0FORJAS AREITIO<\/strong>\u00a0el integrar estos principios en nuestra estructura organizativa y mejorar continuamente todos los procesos mediante la implantaci\u00f3n y mantenimiento de un Sistema de Gesti\u00f3n de Calidad basado en las Normas\u00a0<strong>UNE EN ISO 9001<\/strong>\u00a0y\u00a0<strong>UNE EN 14001<\/strong>.<\/p>\n<p>&nbsp;<\/p>\n<p><strong>GURUTZE AREITIO<\/strong>\u00a0Presidenta del Consejo de Direcci\u00f3n<\/p>\n<p>ERMUA A 22 DE ENERO DE 2018[\/vc_column_text][\/vc_column_inner][vc_column_inner width=\u00bb1\/4&#8243;][\/vc_column_inner][vc_column_inner width=\u00bb1\/4&#8243;][\/vc_column_inner][\/vc_row_inner][\/vc_tab][\/vc_tabs][\/vc_column][\/vc_row]<\/p>\n<\/div>","protected":false},"excerpt":{"rendered":"<p>Contamos con los certificados ISO 9001 e ISO 14001 en gesti\u00f3n de la Calidad y Medio Ambiente.<\/p>\n","protected":false},"author":1,"featured_media":96,"parent":0,"menu_order":0,"comment_status":"closed","ping_status":"closed","template":"","meta":{"footnotes":""},"class_list":["post-66","page","type-page","status-publish","has-post-thumbnail","hentry"],"_links":{"self":[{"href":"https:\/\/forjasareitio.com\/es\/wp-json\/wp\/v2\/pages\/66","targetHints":{"allow":["GET"]}}],"collection":[{"href":"https:\/\/forjasareitio.com\/es\/wp-json\/wp\/v2\/pages"}],"about":[{"href":"https:\/\/forjasareitio.com\/es\/wp-json\/wp\/v2\/types\/page"}],"author":[{"embeddable":true,"href":"https:\/\/forjasareitio.com\/es\/wp-json\/wp\/v2\/users\/1"}],"replies":[{"embeddable":true,"href":"https:\/\/forjasareitio.com\/es\/wp-json\/wp\/v2\/comments?post=66"}],"version-history":[{"count":24,"href":"https:\/\/forjasareitio.com\/es\/wp-json\/wp\/v2\/pages\/66\/revisions"}],"predecessor-version":[{"id":404,"href":"https:\/\/forjasareitio.com\/es\/wp-json\/wp\/v2\/pages\/66\/revisions\/404"}],"wp:featuredmedia":[{"embeddable":true,"href":"https:\/\/forjasareitio.com\/es\/wp-json\/wp\/v2\/media\/96"}],"wp:attachment":[{"href":"https:\/\/forjasareitio.com\/es\/wp-json\/wp\/v2\/media?parent=66"}],"curies":[{"name":"wp","href":"https:\/\/api.w.org\/{rel}","templated":true}]}}