{"id":64,"date":"2026-02-25T09:55:27","date_gmt":"2026-02-25T08:55:27","guid":{"rendered":"https:\/\/forjasareitio.com\/?page_id=64"},"modified":"2026-02-25T13:02:36","modified_gmt":"2026-02-25T12:02:36","slug":"procesos","status":"publish","type":"page","link":"https:\/\/forjasareitio.com\/es\/procesos\/","title":{"rendered":"Procesos"},"content":{"rendered":"<div class=\"wpb-content-wrapper\"><p>[vc_row row_height_percent=\u00bb0&#8243; overlay_alpha=\u00bb50&#8243; gutter_size=\u00bb3&#8243; column_width_percent=\u00bb100&#8243; shift_y=\u00bb0&#8243; z_index=\u00bb0&#8243; content_parallax=\u00bb0&#8243; uncode_shortcode_id=\u00bb632024&#8243;][vc_column column_width_percent=\u00bb100&#8243; gutter_size=\u00bb2&#8243; overlay_alpha=\u00bb50&#8243; shift_x=\u00bb0&#8243; shift_y=\u00bb0&#8243; shift_y_down=\u00bb0&#8243; z_index=\u00bb0&#8243; medium_width=\u00bb0&#8243; mobile_width=\u00bb0&#8243; width=\u00bb1\/1&#8243; uncode_shortcode_id=\u00bb984707&#8243;][vc_custom_heading auto_text=\u00bbyes\u00bb text_color=\u00bbcolor-925239&#8243; text_font=\u00bbfont-668602&#8243; text_weight=\u00bb700&#8243; uncode_shortcode_id=\u00bb102453&#8243; text_color_type=\u00bbuncode-palette\u00bb]This is a custom heading element.[\/vc_custom_heading][vc_separator sep_color=\u00bbcolor-520588&#8243; uncode_shortcode_id=\u00bb417166&#8243; sep_color_type=\u00bbuncode-palette\u00bb el_height=\u00bb1.5px\u00bb][vc_empty_space empty_h=\u00bb1&#8243;][vc_tabs tab_no_fade=\u00bbyes\u00bb animation_active=\u00bbyes\u00bb typography=\u00bbadvanced\u00bb align=\u00bbleft\u00bb tab_no_border=\u00bbyes\u00bb titles_size=\u00bbh4&#8243; titles_weight=\u00bb700&#8243; uncode_shortcode_id=\u00bb545862&#8243;][vc_tab gutter_size=\u00bb2&#8243; column_padding=\u00bb0&#8243; title=\u00bbDise\u00f1o\u00bb tab_id=\u00bb1772013787-1-49&#8243;][vc_row_inner][vc_column_inner width=\u00bb1\/2&#8243;][vc_separator sep_color=\u00bbcolor-520588&#8243; uncode_shortcode_id=\u00bb203045&#8243; sep_color_type=\u00bbuncode-palette\u00bb el_height=\u00bb1.5px\u00bb][vc_column_text uncode_shortcode_id=\u00bb444268&#8243;]FORJAS AREITIO,S.A.U. suministra piezas acabadas listas para su montaje en las cadenas de producci\u00f3n de nuestros clientes. Adem\u00e1s de pieza forjada, realizamos operaciones de tratamiento t\u00e9rmico, mecanizado, pintado o recubrimientos superficiales. Siguiendo siempre las especificaciones de nuestros clientes.<br \/>\nLas piezas que fabricamos tienen un peso unitario entre 0.5 y 35 kg . Son fabricadas para distintos sectores industriales, tales como el veh\u00edculo industrial y agr\u00edcola. Para el sector ferroviario, herramienta, regad\u00edo\u2026.[\/vc_column_text][\/vc_column_inner][vc_column_inner width=\u00bb1\/2&#8243;][vc_single_image media=\u00bb163&#8243; media_width_percent=\u00bb100&#8243; uncode_shortcode_id=\u00bb160712&#8243;][\/vc_column_inner][\/vc_row_inner][\/vc_tab][vc_tab gutter_size=\u00bb2&#8243; column_padding=\u00bb0&#8243; title=\u00bbConstrucci\u00f3n de utillajes\u00bb tab_id=\u00bb1772013787-2-68&#8243;][vc_row_inner][vc_column_inner width=\u00bb1\/2&#8243;][vc_separator sep_color=\u00bbcolor-520588&#8243; uncode_shortcode_id=\u00bb203045&#8243; sep_color_type=\u00bbuncode-palette\u00bb el_height=\u00bb1.5px\u00bb][vc_column_text uncode_shortcode_id=\u00bb196817&#8243;]Partiendo de un plano o una muestra, somos capaces de dise\u00f1ar y construir los utillajes para cumplir con las especificaciones que nos exigen nuestros clientes.<\/p>\n<p>[\/vc_column_text][\/vc_column_inner][vc_column_inner width=\u00bb1\/2&#8243;][vc_single_image media=\u00bb165&#8243; media_width_percent=\u00bb100&#8243; uncode_shortcode_id=\u00bb194141&#8243;][\/vc_column_inner][\/vc_row_inner][\/vc_tab][vc_tab gutter_size=\u00bb2&#8243; column_padding=\u00bb0&#8243; title=\u00bbFabricaci\u00f3n\u00bb tab_id=\u00bb1772013824390-2-0&#8243;][vc_row_inner][vc_column_inner width=\u00bb1\/2&#8243;][vc_separator sep_color=\u00bbcolor-520588&#8243; uncode_shortcode_id=\u00bb203045&#8243; sep_color_type=\u00bbuncode-palette\u00bb el_height=\u00bb1.5px\u00bb][vc_column_text uncode_shortcode_id=\u00bb103227&#8243;]<\/p>\n<div class=\"col_left col_text col-sm-6\">\n<div id=\"textContent\">\n<p>Disponemos de 4 lineas de producci\u00f3n compuestas por martillos de 3.600 kgm, 6.500 kgm, 10.000 kgm y 16.000 kgm.<\/p>\n<\/div>\n<\/div>\n<div class=\"col_right col_media col-sm-6\"><\/div>\n<p>[\/vc_column_text][\/vc_column_inner][vc_column_inner width=\u00bb1\/2&#8243;][vc_single_image media=\u00bb166&#8243; media_width_percent=\u00bb100&#8243; uncode_shortcode_id=\u00bb194433&#8243;][\/vc_column_inner][\/vc_row_inner][\/vc_tab][vc_tab gutter_size=\u00bb2&#8243; column_padding=\u00bb0&#8243; title=\u00bbMecanizados\u00bb tab_id=\u00bb1772013835272-3-3&#8243;][vc_row_inner][vc_column_inner width=\u00bb1\/2&#8243;][vc_separator sep_color=\u00bbcolor-520588&#8243; uncode_shortcode_id=\u00bb203045&#8243; sep_color_type=\u00bbuncode-palette\u00bb el_height=\u00bb1.5px\u00bb][vc_column_text uncode_shortcode_id=\u00bb172009&#8243;]<\/p>\n<div class=\"col_left col_text col-sm-6\">\n<div id=\"textContent\">\n<p>Disponemos de Centros de Mecanizado para el mecanizado de diferentes tipos de pieza y una amplia selecci\u00f3n de proveedores.<\/p>\n<\/div>\n<\/div>\n<div class=\"col_right col_media col-sm-6\"><\/div>\n<p>[\/vc_column_text][\/vc_column_inner][vc_column_inner width=\u00bb1\/2&#8243;][vc_single_image media=\u00bb167&#8243; media_width_percent=\u00bb100&#8243; uncode_shortcode_id=\u00bb171778&#8243;][\/vc_column_inner][\/vc_row_inner][\/vc_tab][\/vc_tabs][\/vc_column][\/vc_row]<\/p>\n<\/div>","protected":false},"excerpt":{"rendered":"<p>Suministramos piezas acabadas capaces de satisfacer las demandas de diferentes sectores.<\/p>\n","protected":false},"author":1,"featured_media":91,"parent":0,"menu_order":0,"comment_status":"closed","ping_status":"closed","template":"","meta":{"footnotes":""},"class_list":["post-64","page","type-page","status-publish","has-post-thumbnail","hentry"],"_links":{"self":[{"href":"https:\/\/forjasareitio.com\/es\/wp-json\/wp\/v2\/pages\/64","targetHints":{"allow":["GET"]}}],"collection":[{"href":"https:\/\/forjasareitio.com\/es\/wp-json\/wp\/v2\/pages"}],"about":[{"href":"https:\/\/forjasareitio.com\/es\/wp-json\/wp\/v2\/types\/page"}],"author":[{"embeddable":true,"href":"https:\/\/forjasareitio.com\/es\/wp-json\/wp\/v2\/users\/1"}],"replies":[{"embeddable":true,"href":"https:\/\/forjasareitio.com\/es\/wp-json\/wp\/v2\/comments?post=64"}],"version-history":[{"count":17,"href":"https:\/\/forjasareitio.com\/es\/wp-json\/wp\/v2\/pages\/64\/revisions"}],"predecessor-version":[{"id":292,"href":"https:\/\/forjasareitio.com\/es\/wp-json\/wp\/v2\/pages\/64\/revisions\/292"}],"wp:featuredmedia":[{"embeddable":true,"href":"https:\/\/forjasareitio.com\/es\/wp-json\/wp\/v2\/media\/91"}],"wp:attachment":[{"href":"https:\/\/forjasareitio.com\/es\/wp-json\/wp\/v2\/media?parent=64"}],"curies":[{"name":"wp","href":"https:\/\/api.w.org\/{rel}","templated":true}]}}