{"id":62,"date":"2026-02-25T09:55:19","date_gmt":"2026-02-25T08:55:19","guid":{"rendered":"https:\/\/forjasareitio.com\/?page_id=62"},"modified":"2026-02-25T12:03:41","modified_gmt":"2026-02-25T11:03:41","slug":"productos","status":"publish","type":"page","link":"https:\/\/forjasareitio.com\/es\/productos\/","title":{"rendered":"Productos"},"content":{"rendered":"<div class=\"wpb-content-wrapper\"><p>[vc_row row_height_percent=\u00bb0&#8243; overlay_alpha=\u00bb50&#8243; gutter_size=\u00bb3&#8243; column_width_percent=\u00bb100&#8243; shift_y=\u00bb0&#8243; z_index=\u00bb0&#8243; content_parallax=\u00bb0&#8243; uncode_shortcode_id=\u00bb632024&#8243;][vc_column column_width_percent=\u00bb100&#8243; gutter_size=\u00bb2&#8243; overlay_alpha=\u00bb50&#8243; shift_x=\u00bb0&#8243; shift_y=\u00bb0&#8243; shift_y_down=\u00bb0&#8243; z_index=\u00bb0&#8243; medium_width=\u00bb0&#8243; mobile_width=\u00bb0&#8243; width=\u00bb1\/1&#8243; uncode_shortcode_id=\u00bb300880&#8243;][vc_custom_heading auto_text=\u00bbyes\u00bb text_color=\u00bbcolor-925239&#8243; text_font=\u00bbfont-668602&#8243; text_weight=\u00bb700&#8243; uncode_shortcode_id=\u00bb102453&#8243; text_color_type=\u00bbuncode-palette\u00bb]This is a custom heading element.[\/vc_custom_heading][vc_separator sep_color=\u00bbcolor-520588&#8243; uncode_shortcode_id=\u00bb417166&#8243; sep_color_type=\u00bbuncode-palette\u00bb el_height=\u00bb1.5px\u00bb][vc_custom_heading text_color=\u00bbcolor-251672&#8243; text_size=\u00bbh4&#8243; text_weight=\u00bb700&#8243; uncode_shortcode_id=\u00bb155279&#8243; text_color_type=\u00bbuncode-palette\u00bb]Nuestros productos[\/vc_custom_heading][vc_row_inner][vc_column_inner column_width_percent=\u00bb100&#8243; gutter_size=\u00bb2&#8243; overlay_alpha=\u00bb50&#8243; shift_x=\u00bb0&#8243; shift_y=\u00bb0&#8243; shift_y_down=\u00bb0&#8243; z_index=\u00bb0&#8243; medium_width=\u00bb0&#8243; mobile_width=\u00bb0&#8243; width=\u00bb1\/2&#8243; uncode_shortcode_id=\u00bb136096&#8243;][vc_separator sep_color=\u00bbcolor-520588&#8243; uncode_shortcode_id=\u00bb203045&#8243; sep_color_type=\u00bbuncode-palette\u00bb el_height=\u00bb1.5px\u00bb][vc_column_text uncode_shortcode_id=\u00bb444268&#8243;]FORJAS AREITIO,S.A.U. suministra piezas acabadas listas para su montaje en las cadenas de producci\u00f3n de nuestros clientes. Adem\u00e1s de pieza forjada, realizamos operaciones de tratamiento t\u00e9rmico, mecanizado, pintado o recubrimientos superficiales. Siguiendo siempre las especificaciones de nuestros clientes.<br \/>\nLas piezas que fabricamos tienen un peso unitario entre 0.5 y 35 kg . Son fabricadas para distintos sectores industriales, tales como el veh\u00edculo industrial y agr\u00edcola. Para el sector ferroviario, herramienta, regad\u00edo\u2026.[\/vc_column_text][\/vc_column_inner][vc_column_inner width=\u00bb1\/2&#8243;][vc_gallery el_id=\u00bbgallery-170724&#8243; type=\u00bbcarousel\u00bb medias=\u00bb132,133,134,135,136,137,138,139,140,141,142,143,144,145,146,147,148,149,150,151,152,153&#8243; carousel_lg=\u00bb1&#8243; carousel_md=\u00bb1&#8243; carousel_sm=\u00bb1&#8243; gutter_size=\u00bb3&#8243; media_items=\u00bbmedia|lightbox|original,title\u00bb carousel_interval=\u00bb3000&#8243; carousel_navspeed=\u00bb400&#8243; carousel_nav_skin=\u00bbdark\u00bb stage_padding=\u00bb0&#8243; single_text=\u00bbunder\u00bb single_overlay_opacity=\u00bb50&#8243; single_overlay_anim=\u00bbno\u00bb single_text_anim=\u00bbno\u00bb single_image_anim=\u00bbno\u00bb single_h_align=\u00bbcenter\u00bb single_padding=\u00bb2&#8243; single_title_family=\u00bbfont-668602&#8243; single_title_dimension=\u00bbh4&#8243; single_title_weight=\u00bb600&#8243; uncode_shortcode_id=\u00bb147939&#8243;][uncode_carousel_nav skin=\u00bbdark\u00bb position=\u00bbabsolute\u00bb padding=\u00bb0&#8243; arrows_skin=\u00bbinherit\u00bb arrows_position=\u00bbel_absolute\u00bb arrows_v_align=\u00bbmiddle\u00bb arrows_padding=\u00bb1&#8243; arrow_style=\u00bbround\u00bb arrow_bg_size=\u00bbsm\u00bb arrow_size=\u00bbfa-05x\u00bb arrows_hover=\u00bbyes\u00bb hide_dots=\u00bbyes\u00bb hide_counter=\u00bbyes\u00bb uncode_shortcode_id=\u00bb186384&#8243;][\/vc_column_inner][\/vc_row_inner][\/vc_column][\/vc_row]<\/p>\n<\/div>","protected":false},"excerpt":{"rendered":"<p>[vc_row row_height_percent=\u00bb0&#8243; overlay_alpha=\u00bb50&#8243; gutter_size=\u00bb3&#8243; column_width_percent=\u00bb100&#8243; shift_y=\u00bb0&#8243; z_index=\u00bb0&#8243; content_parallax=\u00bb0&#8243; uncode_shortcode_id=\u00bb632024&#8243;][vc_column column_width_percent=\u00bb100&#8243; gutter_size=\u00bb2&#8243; overlay_alpha=\u00bb50&#8243; shift_x=\u00bb0&#8243; shift_y=\u00bb0&#8243; shift_y_down=\u00bb0&#8243; z_index=\u00bb0&#8243; medium_width=\u00bb0&#8243; mobile_width=\u00bb0&#8243; width=\u00bb1\/1&#8243; uncode_shortcode_id=\u00bb300880&#8243;][vc_custom_heading [&hellip;]<\/p>\n","protected":false},"author":1,"featured_media":95,"parent":0,"menu_order":0,"comment_status":"closed","ping_status":"closed","template":"","meta":{"footnotes":""},"class_list":["post-62","page","type-page","status-publish","has-post-thumbnail","hentry"],"_links":{"self":[{"href":"https:\/\/forjasareitio.com\/es\/wp-json\/wp\/v2\/pages\/62","targetHints":{"allow":["GET"]}}],"collection":[{"href":"https:\/\/forjasareitio.com\/es\/wp-json\/wp\/v2\/pages"}],"about":[{"href":"https:\/\/forjasareitio.com\/es\/wp-json\/wp\/v2\/types\/page"}],"author":[{"embeddable":true,"href":"https:\/\/forjasareitio.com\/es\/wp-json\/wp\/v2\/users\/1"}],"replies":[{"embeddable":true,"href":"https:\/\/forjasareitio.com\/es\/wp-json\/wp\/v2\/comments?post=62"}],"version-history":[{"count":18,"href":"https:\/\/forjasareitio.com\/es\/wp-json\/wp\/v2\/pages\/62\/revisions"}],"predecessor-version":[{"id":203,"href":"https:\/\/forjasareitio.com\/es\/wp-json\/wp\/v2\/pages\/62\/revisions\/203"}],"wp:featuredmedia":[{"embeddable":true,"href":"https:\/\/forjasareitio.com\/es\/wp-json\/wp\/v2\/media\/95"}],"wp:attachment":[{"href":"https:\/\/forjasareitio.com\/es\/wp-json\/wp\/v2\/media?parent=62"}],"curies":[{"name":"wp","href":"https:\/\/api.w.org\/{rel}","templated":true}]}}