{"id":60,"date":"2026-02-25T09:55:13","date_gmt":"2026-02-25T08:55:13","guid":{"rendered":"https:\/\/forjasareitio.com\/?page_id=60"},"modified":"2026-02-25T13:02:57","modified_gmt":"2026-02-25T12:02:57","slug":"la-empresa","status":"publish","type":"page","link":"https:\/\/forjasareitio.com\/es\/la-empresa\/","title":{"rendered":"La empresa"},"content":{"rendered":"<div class=\"wpb-content-wrapper\"><p>[vc_row row_height_percent=\u00bb0&#8243; overlay_alpha=\u00bb50&#8243; gutter_size=\u00bb3&#8243; column_width_percent=\u00bb100&#8243; shift_y=\u00bb0&#8243; z_index=\u00bb0&#8243; content_parallax=\u00bb0&#8243; uncode_shortcode_id=\u00bb632024&#8243;][vc_column column_width_percent=\u00bb100&#8243; gutter_size=\u00bb2&#8243; overlay_alpha=\u00bb50&#8243; shift_x=\u00bb0&#8243; shift_y=\u00bb0&#8243; shift_y_down=\u00bb0&#8243; z_index=\u00bb0&#8243; medium_width=\u00bb0&#8243; mobile_width=\u00bb0&#8243; width=\u00bb1\/1&#8243; uncode_shortcode_id=\u00bb103352&#8243;][vc_custom_heading auto_text=\u00bbyes\u00bb text_color=\u00bbcolor-925239&#8243; text_font=\u00bbfont-668602&#8243; text_weight=\u00bb700&#8243; uncode_shortcode_id=\u00bb102453&#8243; text_color_type=\u00bbuncode-palette\u00bb]This is a custom heading element.[\/vc_custom_heading][vc_separator sep_color=\u00bbcolor-520588&#8243; uncode_shortcode_id=\u00bb417166&#8243; sep_color_type=\u00bbuncode-palette\u00bb el_height=\u00bb1.5px\u00bb][vc_custom_heading text_color=\u00bbcolor-251672&#8243; text_size=\u00bbh4&#8243; text_weight=\u00bb700&#8243; uncode_shortcode_id=\u00bb104047&#8243; text_color_type=\u00bbuncode-palette\u00bb]M\u00e1s de 50 a\u00f1os de experiencia nos avalan[\/vc_custom_heading][vc_row_inner][vc_column_inner column_width_percent=\u00bb100&#8243; gutter_size=\u00bb2&#8243; overlay_alpha=\u00bb50&#8243; shift_x=\u00bb0&#8243; shift_y=\u00bb0&#8243; shift_y_down=\u00bb0&#8243; z_index=\u00bb0&#8243; medium_width=\u00bb0&#8243; mobile_width=\u00bb0&#8243; width=\u00bb1\/2&#8243; uncode_shortcode_id=\u00bb248722&#8243;][vc_separator sep_color=\u00bbcolor-520588&#8243; uncode_shortcode_id=\u00bb203045&#8243; sep_color_type=\u00bbuncode-palette\u00bb el_height=\u00bb1.5px\u00bb][vc_column_text uncode_shortcode_id=\u00bb877913&#8243;]<\/p>\n<div class=\"col_left col_text col-sm-6\">\n<div id=\"textContent\">\n<p>FORJAS AREITIO, S.A.U. est\u00e1 ubicada en Ermua, Pais Vasco. Comenz\u00f3 su actividad en la d\u00e9cada de los 60, en la actualidad se dedica a la fabricaci\u00f3n de piezas en caliente en aceros al carbono y aleados, cuyo pesos oscilan entre 0,5 y 35 kg. Cuenta con 4 lineas de fabricaci\u00f3n compuestas por martillos de entre 3.600 kgm y 16.000 kgm.<\/p>\n<\/div>\n<\/div>\n<div class=\"col_right col_media col-sm-6\"><\/div>\n<p>[\/vc_column_text][\/vc_column_inner][vc_column_inner width=\u00bb1\/2&#8243;][vc_single_image media=\u00bb119&#8243; media_width_percent=\u00bb100&#8243; uncode_shortcode_id=\u00bb764019&#8243;][\/vc_column_inner][\/vc_row_inner][\/vc_column][\/vc_row]<\/p>\n<\/div>","protected":false},"excerpt":{"rendered":"<p>Nos avalan m\u00e1s de 50 a\u00f1os en el sector y la confianza de una amplia cartera de clientes.<\/p>\n","protected":false},"author":1,"featured_media":97,"parent":0,"menu_order":0,"comment_status":"closed","ping_status":"closed","template":"","meta":{"footnotes":""},"class_list":["post-60","page","type-page","status-publish","has-post-thumbnail","hentry"],"_links":{"self":[{"href":"https:\/\/forjasareitio.com\/es\/wp-json\/wp\/v2\/pages\/60","targetHints":{"allow":["GET"]}}],"collection":[{"href":"https:\/\/forjasareitio.com\/es\/wp-json\/wp\/v2\/pages"}],"about":[{"href":"https:\/\/forjasareitio.com\/es\/wp-json\/wp\/v2\/types\/page"}],"author":[{"embeddable":true,"href":"https:\/\/forjasareitio.com\/es\/wp-json\/wp\/v2\/users\/1"}],"replies":[{"embeddable":true,"href":"https:\/\/forjasareitio.com\/es\/wp-json\/wp\/v2\/comments?post=60"}],"version-history":[{"count":16,"href":"https:\/\/forjasareitio.com\/es\/wp-json\/wp\/v2\/pages\/60\/revisions"}],"predecessor-version":[{"id":293,"href":"https:\/\/forjasareitio.com\/es\/wp-json\/wp\/v2\/pages\/60\/revisions\/293"}],"wp:featuredmedia":[{"embeddable":true,"href":"https:\/\/forjasareitio.com\/es\/wp-json\/wp\/v2\/media\/97"}],"wp:attachment":[{"href":"https:\/\/forjasareitio.com\/es\/wp-json\/wp\/v2\/media?parent=60"}],"curies":[{"name":"wp","href":"https:\/\/api.w.org\/{rel}","templated":true}]}}